{"id":100,"date":"2012-12-12T14:22:32","date_gmt":"2012-12-12T12:22:32","guid":{"rendered":"http:\/\/www.zimmererinnung-reutlingen.de\/wp\/?page_id=100"},"modified":"2025-04-10T16:00:53","modified_gmt":"2025-04-10T14:00:53","slug":"sonnenbuhl","status":"publish","type":"page","link":"https:\/\/www.zimmererinnung-reutlingen.de\/wp\/?page_id=100","title":{"rendered":"Sonnenb\u00fchl"},"content":{"rendered":"<table style=\"border: black thin solid;\" border=\"0\" width=\"100%\" cellspacing=\"3\" cellpadding=\"0\">\n<tbody>\n<tr>\n<td colspan=\"2\" bgcolor=\"#e9caa7\">Sonnenb\u00fchl<\/td>\n<\/tr>\n<tr>\n<td>Holger Dreher Holzbau<\/td>\n<td style=\"text-align: right; vertical-align: middle;\" rowspan=\"3\" width=\"250\"><img decoding=\"async\" src=\"http:\/\/www.zimmererinnung-reutlingen.de\/wp\/wp-content\/bilder\/logo-dreher.gif\" alt=\"\" border=\"0\" \/><\/td>\n<\/tr>\n<tr>\n<td>Stettener Stra\u00dfe 9<br \/>\n72820 Sonnenb\u00fchl-Erpfingen<br \/>\nTel: 0 71 28 \/ 92 71 66<br \/>\nFax: 0 71 28 \/ 92 71 68<\/td>\n<\/tr>\n<tr>\n<td><a href=\"mailto:info@dreher-holzbau.de\">info@dreher-holzbau.de<\/a><br \/>\n<a href=\"http:\/\/www.dreher-holzbau.de\/\" target=\"_blank\" rel=\"noopener\">www.dreher-holzbau.de<\/a><\/td>\n<\/tr>\n<\/tbody>\n<\/table>\n<p><!--\n\n\n<table style=\"border: black thin solid;\" width=\"100%\" border=\"0\" cellspacing=\"3\" cellpadding=\"0\">\n\n\n<tbody>\n\n\n<tr>\n\n\n<td colspan=\"2\" bgcolor=\"#e9caa7\">Sonnenb\u00fchl<\/td>\n\n\n<\/tr>\n\n\n\n\n<tr>\n\n\n<td>Rudi Herrmann\nSteildachabdeckung - Zimmerer\nTreppen- und Holzbau<\/td>\n\n\n\n\n<td style=\"text-align: right; vertical-align: middle;\" rowspan=\"3\" width=\"250\"><img decoding=\"async\" loading=\"lazy\" alt=\"logo-herrmann-undingen\" src=\"http:\/\/www.zimmererinnung-reutlingen.de\/wp\/wp-content\/bilder\/logo-herrmann-undingen.jpg\" width=\"250\" height=\"163\" \/><\/td>\n\n\n<\/tr>\n\n\n\n\n<tr>\n\n\n<td>Am Trieb 22\n72820 Sonnenb\u00fchl-Undingen\nTel: 07128 \/ 304852\nFax: 07128 \/ 3235<\/td>\n\n\n<\/tr>\n\n\n\n\n<tr>\n\n\n<td><a href=\"mailto:rudiherrmann65@yahoo.de\">rudiherrmann65@yahoo.de<\/a>\n<a href=\"http:\/\/www.zimmerei-herrmann.de\/\" target=\"_blank\" rel=\"noopener\">www.zimmerei-herrmann.de<\/a><\/td>\n\n\n<\/tr>\n\n\n<\/tbody>\n\n\n<\/table>\n\n\n--><\/p>\n<table style=\"border: black thin solid;\" border=\"0\" width=\"100%\" cellspacing=\"3\" cellpadding=\"0\">\n<tbody>\n<tr>\n<td colspan=\"2\" bgcolor=\"#e9caa7\">Sonnenb\u00fchl<\/td>\n<\/tr>\n<tr>\n<td>Julian Letsche Zimmererbetrieb<\/td>\n<td style=\"text-align: right; vertical-align: middle;\" rowspan=\"3\" width=\"250\"><img decoding=\"async\" loading=\"lazy\" src=\"http:\/\/www.zimmererinnung-reutlingen.de\/wp\/wp-content\/bilder\/leer.jpg\" alt=\"logo-julian-letsche\" width=\"250\" height=\"163\" \/><\/td>\n<\/tr>\n<tr>\n<td>Erpfinger Str. 33<br \/>\n72820 Sonnenb\u00fchl-Undingen<br \/>\nTel: 07128 \/ 9 22 45<\/td>\n<\/tr>\n<tr>\n<td><a href=\"mailto:zimmergeschaeft.letsche@t-online.de\">zimmergeschaeft.letsche@t-online.de<\/a><br \/>\n<a href=\"http:\/\/www.julian-letsche.de\" target=\"_blank\" rel=\"noopener\">www.julian-letsche.de<\/a><\/td>\n<\/tr>\n<\/tbody>\n<\/table>\n","protected":false},"excerpt":{"rendered":"<p>Sonnenb\u00fchl Holger Dreher Holzbau Stettener Stra\u00dfe 9 72820 Sonnenb\u00fchl-Erpfingen Tel: 0 71 28 \/ 92 71 66 Fax: 0 71 28 \/ 92 71 68 info@dreher-holzbau.de www.dreher-holzbau.de Sonnenb\u00fchl Julian Letsche Zimmererbetrieb Erpfinger Str. 33 72820 Sonnenb\u00fchl-Undingen Tel: 07128 \/ 9 &hellip; <a href=\"https:\/\/www.zimmererinnung-reutlingen.de\/wp\/?page_id=100\">Weiterlesen <span class=\"meta-nav\">&rarr;<\/span><\/a><\/p>\n","protected":false},"author":1,"featured_media":0,"parent":0,"menu_order":0,"comment_status":"closed","ping_status":"open","template":"sidebar-page.php","meta":[],"_links":{"self":[{"href":"https:\/\/www.zimmererinnung-reutlingen.de\/wp\/index.php?rest_route=\/wp\/v2\/pages\/100"}],"collection":[{"href":"https:\/\/www.zimmererinnung-reutlingen.de\/wp\/index.php?rest_route=\/wp\/v2\/pages"}],"about":[{"href":"https:\/\/www.zimmererinnung-reutlingen.de\/wp\/index.php?rest_route=\/wp\/v2\/types\/page"}],"author":[{"embeddable":true,"href":"https:\/\/www.zimmererinnung-reutlingen.de\/wp\/index.php?rest_route=\/wp\/v2\/users\/1"}],"replies":[{"embeddable":true,"href":"https:\/\/www.zimmererinnung-reutlingen.de\/wp\/index.php?rest_route=%2Fwp%2Fv2%2Fcomments&post=100"}],"version-history":[{"count":20,"href":"https:\/\/www.zimmererinnung-reutlingen.de\/wp\/index.php?rest_route=\/wp\/v2\/pages\/100\/revisions"}],"predecessor-version":[{"id":1816,"href":"https:\/\/www.zimmererinnung-reutlingen.de\/wp\/index.php?rest_route=\/wp\/v2\/pages\/100\/revisions\/1816"}],"wp:attachment":[{"href":"https:\/\/www.zimmererinnung-reutlingen.de\/wp\/index.php?rest_route=%2Fwp%2Fv2%2Fmedia&parent=100"}],"curies":[{"name":"wp","href":"https:\/\/api.w.org\/{rel}","templated":true}]}}