{"id":30,"date":"2012-12-11T22:01:40","date_gmt":"2012-12-11T20:01:40","guid":{"rendered":"http:\/\/www.zimmererinnung-reutlingen.de\/wp\/?page_id=30"},"modified":"2025-04-15T14:41:28","modified_gmt":"2025-04-15T12:41:28","slug":"startseite","status":"publish","type":"page","link":"https:\/\/www.zimmererinnung-reutlingen.de\/wp\/","title":{"rendered":"Startseite"},"content":{"rendered":"<p>Willkommen auf der neuen Seite der Zimmererinnung.<\/p>\n<p>Die Innung ist die prim\u00e4re Organisation, die Anlaufstelle f\u00fcr das Zimmererhandwerk.<br \/>Sowohl der Handwerker, sowie seine Kunden k\u00f6nnen sich hier informieren, Ideen sammeln und Kontakte aufnehmen.<\/p>\n<p>Informieren Sie sich \u00fcber den interessanten und abwechslungsreichen Beruf des Zimmererers.<br \/>Die Zimmererinnung informiert jeden Interessierten \u00fcber die zahlreichen und vielseitigen Aspekten des Zimmererhandwerks.<\/p>\n<p>Ob Sie als Bauherrn, oder Du als Lehrling, es ist f\u00fcr jeden etwas dabei.<br \/>Im Laufe der Jahre hat sich der Beruf des Zimmerers auch gewaltig ge\u00e4ndert.<br \/>Zu seinem Handwerk im Bereich der Holzverarbeitung sind Sparten wie Energieberatung und Solar-Spezialistentum hinzugekommen.<br \/>Der Zimmerer von Heute ist ein Fachmann auf dem Gebiet der energetischen Sanierung, wie D\u00e4mmung.<br \/>Heizsysteme und erneuerbare Energien, sowie neue Baumaterialien sind sein Metier.<\/p>\n<p>Und nun viel Spa\u00df beim St\u00f6bern.<\/p>\n\n\n<h2 class=\"has-text-align-center\">Folgen Sie uns auf Social Media<\/h2>\n\n\n\n<div class=\"is-layout-constrained wp-block-group\"><div class=\"wp-block-group__inner-container\">\n<ul class=\"is-content-justification-center is-layout-flex wp-container-1 wp-block-social-links has-large-icon-size\"><li class=\"wp-social-link wp-social-link-instagram wp-block-social-link\"><a href=\"https:\/\/www.instagram.com\/carpentry_reutlingen\/\"  class=\"wp-block-social-link-anchor\"><svg width=\"24\" height=\"24\" viewBox=\"0 0 24 24\" version=\"1.1\" xmlns=\"http:\/\/www.w3.org\/2000\/svg\" aria-hidden=\"true\" focusable=\"false\"><path d=\"M12,4.622c2.403,0,2.688,0.009,3.637,0.052c0.877,0.04,1.354,0.187,1.671,0.31c0.42,0.163,0.72,0.358,1.035,0.673 c0.315,0.315,0.51,0.615,0.673,1.035c0.123,0.317,0.27,0.794,0.31,1.671c0.043,0.949,0.052,1.234,0.052,3.637 s-0.009,2.688-0.052,3.637c-0.04,0.877-0.187,1.354-0.31,1.671c-0.163,0.42-0.358,0.72-0.673,1.035 c-0.315,0.315-0.615,0.51-1.035,0.673c-0.317,0.123-0.794,0.27-1.671,0.31c-0.949,0.043-1.233,0.052-3.637,0.052 s-2.688-0.009-3.637-0.052c-0.877-0.04-1.354-0.187-1.671-0.31c-0.42-0.163-0.72-0.358-1.035-0.673 c-0.315-0.315-0.51-0.615-0.673-1.035c-0.123-0.317-0.27-0.794-0.31-1.671C4.631,14.688,4.622,14.403,4.622,12 s0.009-2.688,0.052-3.637c0.04-0.877,0.187-1.354,0.31-1.671c0.163-0.42,0.358-0.72,0.673-1.035 c0.315-0.315,0.615-0.51,1.035-0.673c0.317-0.123,0.794-0.27,1.671-0.31C9.312,4.631,9.597,4.622,12,4.622 M12,3 C9.556,3,9.249,3.01,8.289,3.054C7.331,3.098,6.677,3.25,6.105,3.472C5.513,3.702,5.011,4.01,4.511,4.511 c-0.5,0.5-0.808,1.002-1.038,1.594C3.25,6.677,3.098,7.331,3.054,8.289C3.01,9.249,3,9.556,3,12c0,2.444,0.01,2.751,0.054,3.711 c0.044,0.958,0.196,1.612,0.418,2.185c0.23,0.592,0.538,1.094,1.038,1.594c0.5,0.5,1.002,0.808,1.594,1.038 c0.572,0.222,1.227,0.375,2.185,0.418C9.249,20.99,9.556,21,12,21s2.751-0.01,3.711-0.054c0.958-0.044,1.612-0.196,2.185-0.418 c0.592-0.23,1.094-0.538,1.594-1.038c0.5-0.5,0.808-1.002,1.038-1.594c0.222-0.572,0.375-1.227,0.418-2.185 C20.99,14.751,21,14.444,21,12s-0.01-2.751-0.054-3.711c-0.044-0.958-0.196-1.612-0.418-2.185c-0.23-0.592-0.538-1.094-1.038-1.594 c-0.5-0.5-1.002-0.808-1.594-1.038c-0.572-0.222-1.227-0.375-2.185-0.418C14.751,3.01,14.444,3,12,3L12,3z M12,7.378 c-2.552,0-4.622,2.069-4.622,4.622S9.448,16.622,12,16.622s4.622-2.069,4.622-4.622S14.552,7.378,12,7.378z M12,15 c-1.657,0-3-1.343-3-3s1.343-3,3-3s3,1.343,3,3S13.657,15,12,15z M16.804,6.116c-0.596,0-1.08,0.484-1.08,1.08 s0.484,1.08,1.08,1.08c0.596,0,1.08-0.484,1.08-1.08S17.401,6.116,16.804,6.116z\"><\/path><\/svg><span class=\"wp-block-social-link-label screen-reader-text\">Instagram<\/span><\/a><\/li>\n\n<li class=\"wp-social-link wp-social-link-facebook wp-block-social-link\"><a href=\"https:\/\/www.facebook.com\/Zimmererinnungreutlingen\"  class=\"wp-block-social-link-anchor\"><svg width=\"24\" height=\"24\" viewBox=\"0 0 24 24\" version=\"1.1\" xmlns=\"http:\/\/www.w3.org\/2000\/svg\" aria-hidden=\"true\" focusable=\"false\"><path d=\"M12 2C6.5 2 2 6.5 2 12c0 5 3.7 9.1 8.4 9.9v-7H7.9V12h2.5V9.8c0-2.5 1.5-3.9 3.8-3.9 1.1 0 2.2.2 2.2.2v2.5h-1.3c-1.2 0-1.6.8-1.6 1.6V12h2.8l-.4 2.9h-2.3v7C18.3 21.1 22 17 22 12c0-5.5-4.5-10-10-10z\"><\/path><\/svg><span class=\"wp-block-social-link-label screen-reader-text\">Facebook<\/span><\/a><\/li><\/ul>\n<\/div><\/div>\n","protected":false},"excerpt":{"rendered":"<p>Willkommen auf der neuen Seite der Zimmererinnung. Die Innung ist die prim\u00e4re Organisation, die Anlaufstelle f\u00fcr das Zimmererhandwerk.Sowohl der Handwerker, sowie seine Kunden k\u00f6nnen sich hier informieren, Ideen sammeln und Kontakte aufnehmen. Informieren Sie sich \u00fcber den interessanten und abwechslungsreichen &hellip; <a href=\"https:\/\/www.zimmererinnung-reutlingen.de\/wp\/\">Weiterlesen <span class=\"meta-nav\">&rarr;<\/span><\/a><\/p>\n","protected":false},"author":1,"featured_media":0,"parent":0,"menu_order":0,"comment_status":"closed","ping_status":"open","template":"sidebar-page.php","meta":[],"_links":{"self":[{"href":"https:\/\/www.zimmererinnung-reutlingen.de\/wp\/index.php?rest_route=\/wp\/v2\/pages\/30"}],"collection":[{"href":"https:\/\/www.zimmererinnung-reutlingen.de\/wp\/index.php?rest_route=\/wp\/v2\/pages"}],"about":[{"href":"https:\/\/www.zimmererinnung-reutlingen.de\/wp\/index.php?rest_route=\/wp\/v2\/types\/page"}],"author":[{"embeddable":true,"href":"https:\/\/www.zimmererinnung-reutlingen.de\/wp\/index.php?rest_route=\/wp\/v2\/users\/1"}],"replies":[{"embeddable":true,"href":"https:\/\/www.zimmererinnung-reutlingen.de\/wp\/index.php?rest_route=%2Fwp%2Fv2%2Fcomments&post=30"}],"version-history":[{"count":13,"href":"https:\/\/www.zimmererinnung-reutlingen.de\/wp\/index.php?rest_route=\/wp\/v2\/pages\/30\/revisions"}],"predecessor-version":[{"id":1841,"href":"https:\/\/www.zimmererinnung-reutlingen.de\/wp\/index.php?rest_route=\/wp\/v2\/pages\/30\/revisions\/1841"}],"wp:attachment":[{"href":"https:\/\/www.zimmererinnung-reutlingen.de\/wp\/index.php?rest_route=%2Fwp%2Fv2%2Fmedia&parent=30"}],"curies":[{"name":"wp","href":"https:\/\/api.w.org\/{rel}","templated":true}]}}