{"id":34,"date":"2012-12-11T22:08:18","date_gmt":"2012-12-11T20:08:18","guid":{"rendered":"http:\/\/www.zimmererinnung-reutlingen.de\/wp\/?page_id=34"},"modified":"2012-12-11T22:08:18","modified_gmt":"2012-12-11T20:08:18","slug":"wir","status":"publish","type":"page","link":"https:\/\/www.zimmererinnung-reutlingen.de\/wp\/?page_id=34","title":{"rendered":"Wir"},"content":{"rendered":"<p>Der Beruf des Zimmerers<\/p>\n<p>Das Handwerk des Zimmerers ist ein uralter Beruf. Nat\u00fcrlich hat es sich in vielen hundert Jahren st\u00e4ndig weiterentwickelt und ist mittlerweile durch die verschiedensten Maschinen technisch auf den neuesten Stand.<\/p>\n<p>Die ersten Z\u00fcnfte gab es bereits im Mittelalter, damals war z.B. der Brauch des &#8222;Auf die Walz gehens&#8220; unentbehrlich.<\/p>\n<p>Auch heute noch kann man Zimmermanns-Gesellen auf Wanderschaft antreffen. Immer in der traditionellen Kluft auf der Suche nach Erfahrungsaustausch.<\/p>\n<p>In keinem anderen Beruf pflegt man diese Sitte noch mit solcher Selbstverst\u00e4ndlichkeit.<\/p>\n<p>Zimmerer schaffen Konstruktionen aus Holz- dazu geh\u00f6ren nicht nur gew\u00f6hnliche Dachst\u00fchle, sondern auch Hallenbauten, St\u00e4lle, komplette Holzh\u00e4user, Winterg\u00e4rten, Aufstockungen, Anbauten, B\u00fcrogeb\u00e4ude und vieles mehr.<\/p>\n<p>Auch ist der Zimmerer der richtige Ansprechpartner wenn es um Schallschutz, W\u00e4rmed\u00e4mmung und Brandschutz geht.<\/p>\n<p>Arbeiten wie Balkone, Fassadenverkleidungen, Dacheindeckungen, Treppenbau und komplette Innenausbauten verfollst\u00e4ndigen das Arbeitsspektrum eines Zimmermanns.<\/p>\n<p>Wie man sieht umfasst der Beruf des Zimmerers ein so vielf\u00e4ltiges und abwechslungsreiches Aufgabengebiet, wie es nur wenig andere Berufe auch bieten k\u00f6nnen<\/p>\n","protected":false},"excerpt":{"rendered":"<p>Der Beruf des Zimmerers Das Handwerk des Zimmerers ist ein uralter Beruf. Nat\u00fcrlich hat es sich in vielen hundert Jahren st\u00e4ndig weiterentwickelt und ist mittlerweile durch die verschiedensten Maschinen technisch auf den neuesten Stand. Die ersten Z\u00fcnfte gab es bereits &hellip; <a href=\"https:\/\/www.zimmererinnung-reutlingen.de\/wp\/?page_id=34\">Weiterlesen <span class=\"meta-nav\">&rarr;<\/span><\/a><\/p>\n","protected":false},"author":1,"featured_media":0,"parent":0,"menu_order":0,"comment_status":"closed","ping_status":"open","template":"sidebar-page.php","meta":[],"_links":{"self":[{"href":"https:\/\/www.zimmererinnung-reutlingen.de\/wp\/index.php?rest_route=\/wp\/v2\/pages\/34"}],"collection":[{"href":"https:\/\/www.zimmererinnung-reutlingen.de\/wp\/index.php?rest_route=\/wp\/v2\/pages"}],"about":[{"href":"https:\/\/www.zimmererinnung-reutlingen.de\/wp\/index.php?rest_route=\/wp\/v2\/types\/page"}],"author":[{"embeddable":true,"href":"https:\/\/www.zimmererinnung-reutlingen.de\/wp\/index.php?rest_route=\/wp\/v2\/users\/1"}],"replies":[{"embeddable":true,"href":"https:\/\/www.zimmererinnung-reutlingen.de\/wp\/index.php?rest_route=%2Fwp%2Fv2%2Fcomments&post=34"}],"version-history":[{"count":1,"href":"https:\/\/www.zimmererinnung-reutlingen.de\/wp\/index.php?rest_route=\/wp\/v2\/pages\/34\/revisions"}],"predecessor-version":[{"id":35,"href":"https:\/\/www.zimmererinnung-reutlingen.de\/wp\/index.php?rest_route=\/wp\/v2\/pages\/34\/revisions\/35"}],"wp:attachment":[{"href":"https:\/\/www.zimmererinnung-reutlingen.de\/wp\/index.php?rest_route=%2Fwp%2Fv2%2Fmedia&parent=34"}],"curies":[{"name":"wp","href":"https:\/\/api.w.org\/{rel}","templated":true}]}}