{"id":39,"date":"2012-12-11T22:13:25","date_gmt":"2012-12-11T20:13:25","guid":{"rendered":"http:\/\/www.zimmererinnung-reutlingen.de\/wp\/?page_id=39"},"modified":"2013-01-25T17:55:00","modified_gmt":"2013-01-25T15:55:00","slug":"leistungen","status":"publish","type":"page","link":"https:\/\/www.zimmererinnung-reutlingen.de\/wp\/?page_id=39","title":{"rendered":"Leistungen"},"content":{"rendered":"<p>Mehr \u00fcber unsere Leistungen erfahren Sie unter den Untermen\u00fcpunkten.<br \/>\nHier erfahren Sie mehr \u00fcber:<br \/>\nAlles aus Holz:<\/u><\/strong><\/p>\n<ul>\n<li>Carport\n<\/li>\n<li>Balkone<\/li>\n<li>Pergolen<\/li>\n<li>Hallenbau<\/li>\n<li>Holzhausbau<\/li>\n<li>Holzterrasse<\/li>\n<li>Holzroste<\/li>\n<li>Vord\u00e4cher<\/li>\n<\/ul>\n","protected":false},"excerpt":{"rendered":"<p>Mehr \u00fcber unsere Leistungen erfahren Sie unter den Untermen\u00fcpunkten. Hier erfahren Sie mehr \u00fcber: Alles aus Holz: Carport Balkone Pergolen Hallenbau Holzhausbau Holzterrasse Holzroste Vord\u00e4cher<\/p>\n","protected":false},"author":1,"featured_media":0,"parent":0,"menu_order":0,"comment_status":"closed","ping_status":"open","template":"sidebar-page.php","meta":[],"_links":{"self":[{"href":"https:\/\/www.zimmererinnung-reutlingen.de\/wp\/index.php?rest_route=\/wp\/v2\/pages\/39"}],"collection":[{"href":"https:\/\/www.zimmererinnung-reutlingen.de\/wp\/index.php?rest_route=\/wp\/v2\/pages"}],"about":[{"href":"https:\/\/www.zimmererinnung-reutlingen.de\/wp\/index.php?rest_route=\/wp\/v2\/types\/page"}],"author":[{"embeddable":true,"href":"https:\/\/www.zimmererinnung-reutlingen.de\/wp\/index.php?rest_route=\/wp\/v2\/users\/1"}],"replies":[{"embeddable":true,"href":"https:\/\/www.zimmererinnung-reutlingen.de\/wp\/index.php?rest_route=%2Fwp%2Fv2%2Fcomments&post=39"}],"version-history":[{"count":2,"href":"https:\/\/www.zimmererinnung-reutlingen.de\/wp\/index.php?rest_route=\/wp\/v2\/pages\/39\/revisions"}],"predecessor-version":[{"id":454,"href":"https:\/\/www.zimmererinnung-reutlingen.de\/wp\/index.php?rest_route=\/wp\/v2\/pages\/39\/revisions\/454"}],"wp:attachment":[{"href":"https:\/\/www.zimmererinnung-reutlingen.de\/wp\/index.php?rest_route=%2Fwp%2Fv2%2Fmedia&parent=39"}],"curies":[{"name":"wp","href":"https:\/\/api.w.org\/{rel}","templated":true}]}}