{"id":4,"date":"2012-07-19T21:48:33","date_gmt":"2012-07-19T19:48:33","guid":{"rendered":"http:\/\/www.zimmererinnung-reutlingen.de\/wp\/?page_id=4"},"modified":"2017-03-28T19:52:11","modified_gmt":"2017-03-28T17:52:11","slug":"mitglieder","status":"publish","type":"page","link":"https:\/\/www.zimmererinnung-reutlingen.de\/wp\/?page_id=4","title":{"rendered":"Mitglieder"},"content":{"rendered":"<p><span style=\"font-weight: bold;\">Mitgliederliste sortiert nach Ort.<\/span><\/p>\n<table cellspacing=\"3\" cellpadding=\"3\" border=\"0\" width=\"100%\">\n<tbody>\n<tr>\n<td style=\"background-color: rgb(233, 202, 167); font-weight: bold;\">Ort<\/td>\n<td style=\"background-color: rgb(233, 202, 167); font-weight: bold;\">Infos<\/td>\n<\/tr>\n<tr>\n<td>Bad Urach<\/td>\n<td><a href=\"?page_id=52\"><img decoding=\"async\" loading=\"lazy\" src=\"http:\/\/www.zimmererinnung-reutlingen.de\/wp\/wp-content\/bilder\/weiter.png\" alt=\"weiter\" width=\"15\" height=\"15\" \" \/><\/a><\/td>\n<\/tr>\n<tr>\n<td>Dettingen\/Erms<\/td>\n<td><a href=\"?page_id=55\"><img decoding=\"async\" loading=\"lazy\" src=\"http:\/\/www.zimmererinnung-reutlingen.de\/wp\/wp-content\/bilder\/weiter.png\" alt=\"weiter\" width=\"15\" height=\"15\" \" \/><\/a><\/td>\n<\/tr>\n<tr>\n<td>Engstingen<\/td>\n<td><a href=\"?page_id=61\"><img decoding=\"async\" loading=\"lazy\" src=\"http:\/\/www.zimmererinnung-reutlingen.de\/wp\/wp-content\/bilder\/weiter.png\" alt=\"weiter\" width=\"15\" height=\"15\" \" \/><\/a><\/a><\/td>\n<\/tr>\n<tr>\n<td>Eningen<\/td>\n<td><a href=\"?page_id=#\"><img decoding=\"async\" loading=\"lazy\" src=\"http:\/\/www.zimmererinnung-reutlingen.de\/wp\/wp-content\/bilder\/weiter.png\" alt=\"weiter\" width=\"15\" height=\"15\" \" \/><\/a><\/a><\/td>\n<\/tr>\n<tr>\n<td>Grabenstetten<\/td>\n<td><a href=\"?page_id=63\"><img decoding=\"async\" loading=\"lazy\" src=\"http:\/\/www.zimmererinnung-reutlingen.de\/wp\/wp-content\/bilder\/weiter.png\" alt=\"weiter\" width=\"15\" height=\"15\" \" \/><\/a><\/a><\/td>\n<\/tr>\n<tr>\n<td>Hayingen<\/td>\n<td><a href=\"?page_id=65\"><img decoding=\"async\" loading=\"lazy\" src=\"http:\/\/www.zimmererinnung-reutlingen.de\/wp\/wp-content\/bilder\/weiter.png\" alt=\"weiter\" width=\"15\" height=\"15\" \" \/><\/a><\/a><\/td>\n<\/tr>\n<tr>\n<td>Hohenstein<\/td>\n<td><a href=\"?page_id=68\"><img decoding=\"async\" loading=\"lazy\" src=\"http:\/\/www.zimmererinnung-reutlingen.de\/wp\/wp-content\/bilder\/weiter.png\" alt=\"weiter\" width=\"15\" height=\"15\" \" \/><\/a><\/a><\/td>\n<\/tr>\n<tr>\n<td>H\u00fclben<\/td>\n<td><a href=\"?page_id=52\"><img decoding=\"async\" loading=\"lazy\" src=\"http:\/\/www.zimmererinnung-reutlingen.de\/wp\/wp-content\/bilder\/weiter.png\" alt=\"weiter\" width=\"15\" height=\"15\" \" \/><\/a><\/a><\/td>\n<\/tr>\n<tr>\n<td>Lichtenstein<\/td>\n<td><a href=\"?page_id=72\"><img decoding=\"async\" loading=\"lazy\" src=\"http:\/\/www.zimmererinnung-reutlingen.de\/wp\/wp-content\/bilder\/weiter.png\" alt=\"weiter\" width=\"15\" height=\"15\" \" \/><\/a><\/a><\/td>\n<\/tr>\n<tr>\n<td>Mehrstetten<\/td>\n<td><a href=\"?page_id=74\"><img decoding=\"async\" loading=\"lazy\" src=\"http:\/\/www.zimmererinnung-reutlingen.de\/wp\/wp-content\/bilder\/weiter.png\" alt=\"weiter\" width=\"15\" height=\"15\" \" \/><\/a><\/a><\/td>\n<\/tr>\n<tr>\n<td>Metzingen<\/td>\n<td><a href=\"?page_id=78\"><img decoding=\"async\" loading=\"lazy\" src=\"http:\/\/www.zimmererinnung-reutlingen.de\/wp\/wp-content\/bilder\/weiter.png\" alt=\"weiter\" width=\"15\" height=\"15\" \" \/><\/a><\/a><\/td>\n<\/tr>\n<tr>\n<td>Metzingen-Neuhausen<\/td>\n<td><a href=\"?page_id=81\"><img decoding=\"async\" loading=\"lazy\" src=\"http:\/\/www.zimmererinnung-reutlingen.de\/wp\/wp-content\/bilder\/weiter.png\" alt=\"weiter\" width=\"15\" height=\"15\" \" \/><\/a><\/a><\/td>\n<\/tr>\n<tr>\n<td>M\u00fcnsingen<\/td>\n<td><a href=\"?page_id=83\"><img decoding=\"async\" loading=\"lazy\" src=\"http:\/\/www.zimmererinnung-reutlingen.de\/wp\/wp-content\/bilder\/weiter.png\" alt=\"weiter\" width=\"15\" height=\"15\" \" \/><\/a><\/a><\/td>\n<\/tr>\n<tr>\n<td>M\u00fcnsingen-Rietheim<\/td>\n<td><a href=\"?page_id=76\"><img decoding=\"async\" loading=\"lazy\" src=\"http:\/\/www.zimmererinnung-reutlingen.de\/wp\/wp-content\/bilder\/weiter.png\" alt=\"weiter\" width=\"15\" height=\"15\" \" \/><\/a><\/a><\/td>\n<\/tr>\n<tr>\n<td>Pfullingen<\/td>\n<td><a href=\"?page_id=85\"><img decoding=\"async\" loading=\"lazy\" src=\"http:\/\/www.zimmererinnung-reutlingen.de\/wp\/wp-content\/bilder\/weiter.png\" alt=\"weiter\" width=\"15\" height=\"15\" \" \/><\/a><\/a><\/td>\n<\/tr>\n<tr>\n<td>Pliezhausen<\/td>\n<td><a href=\"?page_id=87\"><img decoding=\"async\" loading=\"lazy\" src=\"http:\/\/www.zimmererinnung-reutlingen.de\/wp\/wp-content\/bilder\/weiter.png\" alt=\"weiter\" width=\"15\" height=\"15\" \" \/><\/a><\/a><\/td>\n<\/tr>\n<tr>\n<td>Reutlingen<\/td>\n<td><a href=\"?page_id=89\"><img decoding=\"async\" loading=\"lazy\" src=\"http:\/\/www.zimmererinnung-reutlingen.de\/wp\/wp-content\/bilder\/weiter.png\" alt=\"weiter\" width=\"15\" height=\"15\" \" \/><\/a><\/a><\/td>\n<\/tr>\n<tr>\n<td>Reutlingen-Betzingen<\/td>\n<td><a href=\"?page_id=93\"><img decoding=\"async\" loading=\"lazy\" src=\"http:\/\/www.zimmererinnung-reutlingen.de\/wp\/wp-content\/bilder\/weiter.png\" alt=\"weiter\" width=\"15\" height=\"15\" \" \/><\/a><\/a><\/td>\n<\/tr>\n<tr>\n<td>Reutlingen-Mittelstadt<\/td>\n<td><a href=\"?page_id=95\"><img decoding=\"async\" loading=\"lazy\" src=\"http:\/\/www.zimmererinnung-reutlingen.de\/wp\/wp-content\/bilder\/weiter.png\" alt=\"weiter\" width=\"15\" height=\"15\" \" \/><\/a><\/a><\/td>\n<\/tr>\n<tr>\n<td>R\u00f6merstein<\/td>\n<td><a href=\"?page_id=91\"><img decoding=\"async\" loading=\"lazy\" src=\"http:\/\/www.zimmererinnung-reutlingen.de\/wp\/wp-content\/bilder\/weiter.png\" alt=\"weiter\" width=\"15\" height=\"15\" \" \/><\/a><\/a><\/td>\n<\/tr>\n<tr>\n<td>Sonnenb\u00fchl<\/td>\n<td><a href=\"?page_id=100\"><img decoding=\"async\" loading=\"lazy\" src=\"http:\/\/www.zimmererinnung-reutlingen.de\/wp\/wp-content\/bilder\/weiter.png\" alt=\"weiter\" width=\"15\" height=\"15\" \" \/><\/a><\/a><\/td>\n<\/tr>\n<tr>\n<td>St. Johann<\/td>\n<td><a href=\"?page_id=103\"><img decoding=\"async\" loading=\"lazy\" src=\"http:\/\/www.zimmererinnung-reutlingen.de\/wp\/wp-content\/bilder\/weiter.png\" alt=\"weiter\" width=\"15\" height=\"15\" \" \/><\/a><\/a><\/td>\n<\/tr>\n<tr>\n<td>Trochtelfingen<\/td>\n<td><a href=\"?page_id=105\"><img decoding=\"async\" loading=\"lazy\" src=\"http:\/\/www.zimmererinnung-reutlingen.de\/wp\/wp-content\/bilder\/weiter.png\" alt=\"weiter\" width=\"15\" height=\"15\" \" \/><\/a><\/a><\/td>\n<\/tr>\n<tr>\n<td>Trochtelfingen-Steinhilben<\/td>\n<td><a href=\"?page_id=107\"><img decoding=\"async\" loading=\"lazy\" src=\"http:\/\/www.zimmererinnung-reutlingen.de\/wp\/wp-content\/bilder\/weiter.png\" alt=\"weiter\" width=\"15\" height=\"15\" \" \/><\/a><\/a><\/td>\n<\/tr>\n<tr>\n<td>Waldorfh\u00e4slach<\/td>\n<td><a href=\"?page_id=109\"><img decoding=\"async\" loading=\"lazy\" src=\"http:\/\/www.zimmererinnung-reutlingen.de\/wp\/wp-content\/bilder\/weiter.png\" alt=\"weiter\" width=\"15\" height=\"15\" \" \/><\/a><\/a><\/td>\n<\/tr>\n<tr>\n<td>Wannweil<\/td>\n<td><a href=\"?page_id=111\"><img decoding=\"async\" loading=\"lazy\" src=\"http:\/\/www.zimmererinnung-reutlingen.de\/wp\/wp-content\/bilder\/weiter.png\" alt=\"weiter\" width=\"15\" height=\"15\" \" \/><\/a><\/a><\/td>\n<\/tr>\n<tr>\n<td>Zwiefalten<\/td>\n<td><a href=\"?page_id=113\"><img decoding=\"async\" loading=\"lazy\" src=\"http:\/\/www.zimmererinnung-reutlingen.de\/wp\/wp-content\/bilder\/weiter.png\" alt=\"weiter\" width=\"15\" height=\"15\" \" \/><\/a><\/a><\/td>\n<\/tr>\n<tr>\n<td>Zwiefalten-Sonderbuch<\/td>\n<td><a href=\"?page_id=115\"><img decoding=\"async\" loading=\"lazy\" src=\"http:\/\/www.zimmererinnung-reutlingen.de\/wp\/wp-content\/bilder\/weiter.png\" alt=\"weiter\" width=\"15\" height=\"15\" \" \/><\/a><\/a><\/td>\n<\/tr>\n<\/tbody>\n<\/table>\n","protected":false},"excerpt":{"rendered":"<p>Mitgliederliste sortiert nach Ort. Ort Infos Bad Urach Engstingen Grabenstetten Hohenstein Lichtenstein Metzingen M\u00fcnsingen Pfullingen Reutlingen Reutlingen-Mittelstadt Sonnenb\u00fchl Trochtelfingen Waldorfh\u00e4slach Zwiefalten<\/p>\n","protected":false},"author":1,"featured_media":0,"parent":0,"menu_order":0,"comment_status":"closed","ping_status":"closed","template":"sidebar-page.php","meta":[],"_links":{"self":[{"href":"https:\/\/www.zimmererinnung-reutlingen.de\/wp\/index.php?rest_route=\/wp\/v2\/pages\/4"}],"collection":[{"href":"https:\/\/www.zimmererinnung-reutlingen.de\/wp\/index.php?rest_route=\/wp\/v2\/pages"}],"about":[{"href":"https:\/\/www.zimmererinnung-reutlingen.de\/wp\/index.php?rest_route=\/wp\/v2\/types\/page"}],"author":[{"embeddable":true,"href":"https:\/\/www.zimmererinnung-reutlingen.de\/wp\/index.php?rest_route=\/wp\/v2\/users\/1"}],"replies":[{"embeddable":true,"href":"https:\/\/www.zimmererinnung-reutlingen.de\/wp\/index.php?rest_route=%2Fwp%2Fv2%2Fcomments&post=4"}],"version-history":[{"count":20,"href":"https:\/\/www.zimmererinnung-reutlingen.de\/wp\/index.php?rest_route=\/wp\/v2\/pages\/4\/revisions"}],"predecessor-version":[{"id":806,"href":"https:\/\/www.zimmererinnung-reutlingen.de\/wp\/index.php?rest_route=\/wp\/v2\/pages\/4\/revisions\/806"}],"wp:attachment":[{"href":"https:\/\/www.zimmererinnung-reutlingen.de\/wp\/index.php?rest_route=%2Fwp%2Fv2%2Fmedia&parent=4"}],"curies":[{"name":"wp","href":"https:\/\/api.w.org\/{rel}","templated":true}]}}