{"id":42,"date":"2012-12-12T13:14:32","date_gmt":"2012-12-12T11:14:32","guid":{"rendered":"http:\/\/www.zimmererinnung-reutlingen.de\/wp\/?page_id=42"},"modified":"2017-03-28T20:13:55","modified_gmt":"2017-03-28T18:13:55","slug":"holz-aber-naturlich","status":"publish","type":"page","link":"https:\/\/www.zimmererinnung-reutlingen.de\/wp\/?page_id=42","title":{"rendered":"Holz, aber nat\u00fcrlich"},"content":{"rendered":"<table width=\"100%\" border=\"0\">\n<tbody>\n<tr>\n<td style=\"text-align: center;\"><img decoding=\"async\" loading=\"lazy\" alt=\"leer\" src=\"http:\/\/www.zimmererinnung-reutlingen.de\/wp\/wp-content\/bilder\/leer.png\" width=\"10\" height=\"10\" \/><\/td>\n<td><\/td>\n<td><span style=\"font-weight: bold;\">Holz w\u00e4chst im Wald<\/span><br \/>\nDer Wald hat wesentliche Aufgaben in \u00d6konomie und \u00d6kologie. Er speichert CO<sub>2<\/sub>, verbessert Klima, Boden und Wasserhaushalt. Er ist Biotop f\u00fcr Pflanzen, Tiere und Menschen.<\/td>\n<\/tr>\n<tr>\n<td><span style=\"font-weight: bold;\">Holz h\u00e4lt warm<\/span><br \/>\nUnter den Baustoffen ist Holz mit seinen Luftgef\u00fcllten Zellen besonders W\u00e4rmed\u00e4mmend. Au\u00dferdem l\u00e4sst es sich hervorragend mit W\u00e4rmed\u00e4mmstoffen kombinieren und ist f\u00fcr Niedrigenergiebauweise pr\u00e4destiniert.<span style=\"font-weight: bold;\">Holz spart Energie<\/span><br \/>\nBei der Bearbeitung erfordert Holz nur geringen Energieaufwand. Schweizer Untersuchungen zufolge, ben\u00f6tigen die Produkte f\u00fcr eine Au\u00dfenwand in Holz nur halb soviel Energie, wie die f\u00fcr konventionelle Bauweise.<\/td>\n<td><\/td>\n<td style=\"text-align: left;\"><img decoding=\"async\" loading=\"lazy\" class=\"img alt=\"leer\" src=\"http:\/\/www.zimmererinnung-reutlingen.de\/wp\/wp-content\/bilder\/leer.png\" width=\"10\" height=\"10\" \/><\/td>\n<\/tr>\n<tr>\n<td><img decoding=\"async\" loading=\"lazy\" class=\"alt=\"leer\" src=\"http:\/\/www.zimmererinnung-reutlingen.de\/wp\/wp-content\/bilder\/leer.png\" width=\"10\" height=\"10\" \/><\/td>\n<td><\/td>\n<td><!--R3C3--><span style=\"font-weight: bold;\">Holz w\u00e4chst nach<\/span><br \/>\nIn unserer nachhaltige Waldbewirtschaftung wird h\u00f6chstens soviel Holz entnommen, wie nachw\u00e4chst. Die Ausnutzung mit Schnittholz, Holzwerkstoffen, Holz- und Rindenprodukten ist fast 100%ig<span style=\"font-weight: bold;\">Holz ist stark<\/span><br \/>\nF\u00fcr den Transport und Montage der Holzteile ist aufgrund des geringen Gewichtes ebenfalls niedrigerEnergieeinsatz erforderlich. Geringes Gewicht und hohe Festigkeit sparen bei der Bemessung.<\/td>\n<\/tr>\n<tr>\n<td><span style=\"font-weight: bold;\">Holz passt zur Landschaft<\/span><br \/>\nHolzh\u00e4user lassen sich gut in die Landschaft einf\u00fcgen. Sie sind auch auf schwierigen Grundst\u00fccken leicht unterzubringen und brauchen dank schlanker Konstruktion weniger Bauland.<span style=\"font-weight: bold;\">Holz ist behaglich<\/span><br \/>\nDer Naturwerkstoff und die erg\u00e4nzenden Trockenbaustoffe schaffen ein behagliches Wohnklima mit angenehmen Oberfl\u00e4chentemperaturen. Holz speichert Luftfeuchte und gibt sie wieder ab, wirkt also Feuchtereglerend.<span style=\"font-weight: bold;\">Holz ist erholsam<\/span><br \/>\nSpazierg\u00e4nge im Wald, allein oder zusammen am Lagerfeuer, grillen auf Holz, oder gem\u00fctlich vorm offenen Kamin. Erholung f\u00fc Leib und Seele.<\/td>\n<td><\/td>\n<td><img decoding=\"async\" loading=\"lazy\" class=\"alt=\"leer\" src=\"http:\/\/www.zimmererinnung-reutlingen.de\/wp\/wp-content\/bilder\/leer.png\" width=\"10\" height=\"10\" \/><\/td>\n<\/tr>\n<tr>\n<td style=\"text-align: center;\"><img decoding=\"async\" loading=\"lazy\" class=\"alt=\"leer\" src=\"http:\/\/www.zimmererinnung-reutlingen.de\/wp\/wp-content\/bilder\/leer.png\" width=\"10\" height=\"10\" \/><\/td>\n<td><\/td>\n<td><span style=\"font-weight: bold;\">Holz lebt lange<\/span>Hozbauteile haben oft ein zweites, oder drittes Leben, siehe die Fachwerkh\u00e4user. Bei ihnen wurden h\u00e4ufig intakte H\u00f6lzer aus noch \u00e4lteren Geb\u00e4uden verwendet. Holzh\u00e4user k\u00f6nnen Jahrhunderte \u00fcberdauern. Baulich konstruktiver Holzschutz bewahrt vor Sch\u00e4den, umwelfreundliche Anstriche gegen Wetterangriff. Chemischer Holzschutz ist im Wohnraum nicht n\u00f6tig.<\/td>\n<\/tr>\n<\/tbody>\n<\/table>\n<p>Bildmaterial teilweise von http:\/\/www.dachkomplett.de<\/p>\n","protected":false},"excerpt":{"rendered":"<p>Holz w\u00e4chst im Wald Der Wald hat wesentliche Aufgaben in \u00d6konomie und \u00d6kologie. Er speichert CO2, verbessert Klima, Boden und Wasserhaushalt. Er ist Biotop f\u00fcr Pflanzen, Tiere und Menschen. Holz h\u00e4lt warm Unter den Baustoffen ist Holz mit seinen Luftgef\u00fcllten &hellip; <a href=\"https:\/\/www.zimmererinnung-reutlingen.de\/wp\/?page_id=42\">Weiterlesen <span class=\"meta-nav\">&rarr;<\/span><\/a><\/p>\n","protected":false},"author":1,"featured_media":0,"parent":0,"menu_order":0,"comment_status":"closed","ping_status":"open","template":"sidebar-page.php","meta":[],"_links":{"self":[{"href":"https:\/\/www.zimmererinnung-reutlingen.de\/wp\/index.php?rest_route=\/wp\/v2\/pages\/42"}],"collection":[{"href":"https:\/\/www.zimmererinnung-reutlingen.de\/wp\/index.php?rest_route=\/wp\/v2\/pages"}],"about":[{"href":"https:\/\/www.zimmererinnung-reutlingen.de\/wp\/index.php?rest_route=\/wp\/v2\/types\/page"}],"author":[{"embeddable":true,"href":"https:\/\/www.zimmererinnung-reutlingen.de\/wp\/index.php?rest_route=\/wp\/v2\/users\/1"}],"replies":[{"embeddable":true,"href":"https:\/\/www.zimmererinnung-reutlingen.de\/wp\/index.php?rest_route=%2Fwp%2Fv2%2Fcomments&post=42"}],"version-history":[{"count":9,"href":"https:\/\/www.zimmererinnung-reutlingen.de\/wp\/index.php?rest_route=\/wp\/v2\/pages\/42\/revisions"}],"predecessor-version":[{"id":858,"href":"https:\/\/www.zimmererinnung-reutlingen.de\/wp\/index.php?rest_route=\/wp\/v2\/pages\/42\/revisions\/858"}],"wp:attachment":[{"href":"https:\/\/www.zimmererinnung-reutlingen.de\/wp\/index.php?rest_route=%2Fwp%2Fv2%2Fmedia&parent=42"}],"curies":[{"name":"wp","href":"https:\/\/api.w.org\/{rel}","templated":true}]}}