{"id":91,"date":"2012-12-12T14:19:12","date_gmt":"2012-12-12T12:19:12","guid":{"rendered":"http:\/\/www.zimmererinnung-reutlingen.de\/wp\/?page_id=91"},"modified":"2025-04-17T12:26:40","modified_gmt":"2025-04-17T10:26:40","slug":"romerstein","status":"publish","type":"page","link":"https:\/\/www.zimmererinnung-reutlingen.de\/wp\/?page_id=91","title":{"rendered":"R\u00f6merstein"},"content":{"rendered":"<table style=\"border: black thin solid;\" border=\"0\" width=\"100%\" cellspacing=\"3\" cellpadding=\"0\">\n<tbody>\n<tr>\n<td colspan=\"2\" bgcolor=\"#e9caa7\">R\u00f6merstein<\/td>\n<\/tr>\n<tr>\n<td>Gekeler-Holzbau GmbH &amp; Co.KG<\/td>\n<td style=\"text-align: right; vertical-align: middle;\" rowspan=\"3\" width=\"250\"><img decoding=\"async\" src=\"http:\/\/www.zimmererinnung-reutlingen.de\/wp\/wp-content\/bilder\/logo-gekeler-roemerstein.jpg\" alt=\"\" border=\"0\" \/><\/td>\n<\/tr>\n<tr>\n<td>Albstra\u00dfe 70<br \/>\n72587 R\u00f6merstein<br \/>\nTel: 07382 \/ 937660<br \/>\nFax: 07382 \/ 937680<\/td>\n<\/tr>\n<tr>\n<td><a href=\"mailto:info@gekelerholzbau.de\">info@gekelerholzbau.de<\/a><br \/>\n<a href=\"http:\/\/www.gekelerholzbau.de\" target=\"_blank\" rel=\"noopener noreferrer\">www.gekelerholzbau.de<\/a><\/td>\n<\/tr>\n<\/tbody>\n<\/table>\n<table style=\"border: black thin solid;\" border=\"0\" width=\"100%\" cellspacing=\"3\" cellpadding=\"0\">\n<tbody>\n<tr>\n<td colspan=\"2\" bgcolor=\"#e9caa7\">R\u00f6merstein<\/td>\n<\/tr>\n<tr>\n<td>Holzbau Bleher Projekte GmbH<\/td>\n<td style=\"text-align: right; vertical-align: middle;\" rowspan=\"3\" width=\"250\"><img decoding=\"async\" loading=\"lazy\" src=\"http:\/\/www.zimmererinnung-reutlingen.de\/wp\/wp-content\/bilder\/logo-bleher-roemerstein.jpg\" alt=\"logo-bleher\" width=\"250\" height=\"84\" \/><\/td>\n<\/tr>\n<tr>\n<td>Schulstra\u00dfe 4<br \/>\n72587 R\u00f6merstein-Donnstetten<br \/>\nTel: 07382 \/ 1035<\/td>\n<\/tr>\n<tr>\n<td><a href=\"mailto:holzbau@bleher-projekte.de\">info@bleher-projekte.de<\/a><br \/>\n<a href=\"http:\/\/www.holzbau-bleher.de\" target=\"_blank\" rel=\"noopener noreferrer\">www.holzbau-bleher.de<\/a><\/td>\n<\/tr>\n<\/tbody>\n<\/table>\n<table style=\"border: black thin solid;\" border=\"0\" width=\"100%\" cellspacing=\"3\" cellpadding=\"0\">\n<tbody>\n<tr>\n<td colspan=\"2\" bgcolor=\"#e9caa7\"><\/td>\n<\/tr>\n<tr>\n<td><\/td>\n<td style=\"text-align: right; vertical-align: middle;\" rowspan=\"3\" width=\"250\"><\/td>\n<\/tr>\n<tr>\n<td><\/td>\n<\/tr>\n<tr>\n<td><\/td>\n<\/tr>\n<\/tbody>\n<\/table>\n","protected":false},"excerpt":{"rendered":"<p>R\u00f6merstein Gekeler-Holzbau GmbH &amp; Co.KG Albstra\u00dfe 70 72587 R\u00f6merstein Tel: 07382 \/ 937660 Fax: 07382 \/ 937680 info@gekelerholzbau.de www.gekelerholzbau.de R\u00f6merstein Holzbau Bleher Projekte GmbH Schulstra\u00dfe 4 72587 R\u00f6merstein-Donnstetten Tel: 07382 \/ 1035 info@bleher-projekte.de www.holzbau-bleher.de<\/p>\n","protected":false},"author":1,"featured_media":0,"parent":0,"menu_order":0,"comment_status":"closed","ping_status":"open","template":"sidebar-page.php","meta":[],"_links":{"self":[{"href":"https:\/\/www.zimmererinnung-reutlingen.de\/wp\/index.php?rest_route=\/wp\/v2\/pages\/91"}],"collection":[{"href":"https:\/\/www.zimmererinnung-reutlingen.de\/wp\/index.php?rest_route=\/wp\/v2\/pages"}],"about":[{"href":"https:\/\/www.zimmererinnung-reutlingen.de\/wp\/index.php?rest_route=\/wp\/v2\/types\/page"}],"author":[{"embeddable":true,"href":"https:\/\/www.zimmererinnung-reutlingen.de\/wp\/index.php?rest_route=\/wp\/v2\/users\/1"}],"replies":[{"embeddable":true,"href":"https:\/\/www.zimmererinnung-reutlingen.de\/wp\/index.php?rest_route=%2Fwp%2Fv2%2Fcomments&post=91"}],"version-history":[{"count":16,"href":"https:\/\/www.zimmererinnung-reutlingen.de\/wp\/index.php?rest_route=\/wp\/v2\/pages\/91\/revisions"}],"predecessor-version":[{"id":1858,"href":"https:\/\/www.zimmererinnung-reutlingen.de\/wp\/index.php?rest_route=\/wp\/v2\/pages\/91\/revisions\/1858"}],"wp:attachment":[{"href":"https:\/\/www.zimmererinnung-reutlingen.de\/wp\/index.php?rest_route=%2Fwp%2Fv2%2Fmedia&parent=91"}],"curies":[{"name":"wp","href":"https:\/\/api.w.org\/{rel}","templated":true}]}}